{"id":2671,"date":"2024-11-12T02:42:39","date_gmt":"2024-11-11T23:42:39","guid":{"rendered":"https:\/\/mmassemblyline.de\/?page_id=2671"},"modified":"2024-12-04T00:21:29","modified_gmt":"2024-12-03T21:21:29","slug":"produkte-schattenwand","status":"publish","type":"page","link":"https:\/\/mmassemblyline.de\/en\/produkte-schattenwand\/","title":{"rendered":"Shading Wall"},"content":{"rendered":"<div data-elementor-type=\"wp-page\" data-elementor-id=\"2671\" class=\"elementor elementor-2671\">\n\t\t\t\t<div class=\"elementor-element elementor-element-1f3d983 e-flex e-con-boxed e-con e-parent\" data-id=\"1f3d983\" data-element_type=\"container\">\n\t\t\t\t\t<div class=\"e-con-inner\">\n\t\t<div class=\"elementor-element elementor-element-0a72d8a e-con-full e-flex e-con e-child\" data-id=\"0a72d8a\" data-element_type=\"container\">\n\t\t\t\t<div class=\"elementor-element elementor-element-afef9d7 elementor-widget elementor-widget-heading\" data-id=\"afef9d7\" data-element_type=\"widget\" data-widget_type=\"heading.default\">\n\t\t\t\t<div class=\"elementor-widget-container\">\n\t\t\t\t\t<h2 class=\"elementor-heading-title elementor-size-default\">Shading Wall<\/h2>\t\t\t\t<\/div>\n\t\t\t\t<\/div>\n\t\t\t\t<div class=\"elementor-element elementor-element-5532e1e elementor-widget elementor-widget-text-editor\" data-id=\"5532e1e\" data-element_type=\"widget\" data-widget_type=\"text-editor.default\">\n\t\t\t\t<div class=\"elementor-widget-container\">\n\t\t\t\t\t\t\t\t\t<p>Fixed or movable aluminum walls provide protection from the sun's rays by allowing the incoming light to be regulated to the desired level.<\/p>\t\t\t\t\t\t\t\t<\/div>\n\t\t\t\t<\/div>\n\t\t\t\t<div class=\"elementor-element elementor-element-8370f15 elementor-widget elementor-widget-heading\" data-id=\"8370f15\" data-element_type=\"widget\" data-widget_type=\"heading.default\">\n\t\t\t\t<div class=\"elementor-widget-container\">\n\t\t\t\t\t<h2 class=\"elementor-heading-title elementor-size-default\">Project Gallery<\/h2>\t\t\t\t<\/div>\n\t\t\t\t<\/div>\n\t\t\t\t<div class=\"elementor-element elementor-element-3f36ab9 elementor-widget elementor-widget-image-gallery\" data-id=\"3f36ab9\" data-element_type=\"widget\" data-widget_type=\"image-gallery.default\">\n\t\t\t\t<div class=\"elementor-widget-container\">\n\t\t\t\t\t\t\t<div class=\"elementor-image-gallery\">\n\t\t\t<div id='gallery-1' class='gallery galleryid-2671 gallery-columns-4 gallery-size-large'><figure class='gallery-item'>\n\t\t\t<div class='gallery-icon landscape'>\n\t\t\t\t<a data-elementor-open-lightbox=\"yes\" data-elementor-lightbox-slideshow=\"3f36ab9\" data-elementor-lightbox-title=\"2 . S-01\" data-e-action-hash=\"#elementor-action%3Aaction%3Dlightbox%26settings%3DeyJpZCI6MjkzMiwidXJsIjoiaHR0cHM6XC9cL21tYXNzZW1ibHlsaW5lLmRlXC93cC1jb250ZW50XC91cGxvYWRzXC8yMDI0XC8xMlwvMi0uLVMtMDEuanBnIiwic2xpZGVzaG93IjoiM2YzNmFiOSJ9\" href='https:\/\/mmassemblyline.de\/wp-content\/uploads\/2024\/12\/2-.-S-01.jpg'><img fetchpriority=\"high\" decoding=\"async\" width=\"525\" height=\"525\" src=\"https:\/\/mmassemblyline.de\/wp-content\/uploads\/2024\/12\/2-.-S-01-1024x1024.jpg\" class=\"attachment-large size-large\" alt=\"2 . S-01\" srcset=\"https:\/\/mmassemblyline.de\/wp-content\/uploads\/2024\/12\/2-.-S-01-1024x1024.jpg 1024w, https:\/\/mmassemblyline.de\/wp-content\/uploads\/2024\/12\/2-.-S-01-300x300.jpg 300w, https:\/\/mmassemblyline.de\/wp-content\/uploads\/2024\/12\/2-.-S-01-150x150.jpg 150w, https:\/\/mmassemblyline.de\/wp-content\/uploads\/2024\/12\/2-.-S-01-768x768.jpg 768w, https:\/\/mmassemblyline.de\/wp-content\/uploads\/2024\/12\/2-.-S-01-1536x1536.jpg 1536w, https:\/\/mmassemblyline.de\/wp-content\/uploads\/2024\/12\/2-.-S-01-2048x2048.jpg 2048w, https:\/\/mmassemblyline.de\/wp-content\/uploads\/2024\/12\/2-.-S-01-12x12.jpg 12w, https:\/\/mmassemblyline.de\/wp-content\/uploads\/2024\/12\/2-.-S-01-70x70.jpg 70w\" sizes=\"(max-width: 525px) 100vw, 525px\" \/><\/a>\n\t\t\t<\/div><\/figure><figure class='gallery-item'>\n\t\t\t<div class='gallery-icon landscape'>\n\t\t\t\t<a data-elementor-open-lightbox=\"yes\" data-elementor-lightbox-slideshow=\"3f36ab9\" data-elementor-lightbox-title=\"3 . S-01\" data-e-action-hash=\"#elementor-action%3Aaction%3Dlightbox%26settings%3DeyJpZCI6MjkzMywidXJsIjoiaHR0cHM6XC9cL21tYXNzZW1ibHlsaW5lLmRlXC93cC1jb250ZW50XC91cGxvYWRzXC8yMDI0XC8xMlwvMy0uLVMtMDEuanBnIiwic2xpZGVzaG93IjoiM2YzNmFiOSJ9\" href='https:\/\/mmassemblyline.de\/wp-content\/uploads\/2024\/12\/3-.-S-01.jpg'><img decoding=\"async\" width=\"525\" height=\"525\" src=\"https:\/\/mmassemblyline.de\/wp-content\/uploads\/2024\/12\/3-.-S-01-1024x1024.jpg\" class=\"attachment-large size-large\" alt=\"3 . S-01\" srcset=\"https:\/\/mmassemblyline.de\/wp-content\/uploads\/2024\/12\/3-.-S-01-1024x1024.jpg 1024w, https:\/\/mmassemblyline.de\/wp-content\/uploads\/2024\/12\/3-.-S-01-300x300.jpg 300w, https:\/\/mmassemblyline.de\/wp-content\/uploads\/2024\/12\/3-.-S-01-150x150.jpg 150w, https:\/\/mmassemblyline.de\/wp-content\/uploads\/2024\/12\/3-.-S-01-768x768.jpg 768w, https:\/\/mmassemblyline.de\/wp-content\/uploads\/2024\/12\/3-.-S-01-1536x1536.jpg 1536w, https:\/\/mmassemblyline.de\/wp-content\/uploads\/2024\/12\/3-.-S-01-2048x2048.jpg 2048w, https:\/\/mmassemblyline.de\/wp-content\/uploads\/2024\/12\/3-.-S-01-12x12.jpg 12w, https:\/\/mmassemblyline.de\/wp-content\/uploads\/2024\/12\/3-.-S-01-70x70.jpg 70w\" sizes=\"(max-width: 525px) 100vw, 525px\" \/><\/a>\n\t\t\t<\/div><\/figure><figure class='gallery-item'>\n\t\t\t<div class='gallery-icon landscape'>\n\t\t\t\t<a data-elementor-open-lightbox=\"yes\" data-elementor-lightbox-slideshow=\"3f36ab9\" data-elementor-lightbox-title=\"4 . S-01\" data-e-action-hash=\"#elementor-action%3Aaction%3Dlightbox%26settings%3DeyJpZCI6MjkzNSwidXJsIjoiaHR0cHM6XC9cL21tYXNzZW1ibHlsaW5lLmRlXC93cC1jb250ZW50XC91cGxvYWRzXC8yMDI0XC8xMlwvNC0uLVMtMDEuanBnIiwic2xpZGVzaG93IjoiM2YzNmFiOSJ9\" href='https:\/\/mmassemblyline.de\/wp-content\/uploads\/2024\/12\/4-.-S-01.jpg'><img decoding=\"async\" width=\"525\" height=\"525\" src=\"https:\/\/mmassemblyline.de\/wp-content\/uploads\/2024\/12\/4-.-S-01-1024x1024.jpg\" class=\"attachment-large size-large\" alt=\"4 . S-01\" srcset=\"https:\/\/mmassemblyline.de\/wp-content\/uploads\/2024\/12\/4-.-S-01-1024x1024.jpg 1024w, https:\/\/mmassemblyline.de\/wp-content\/uploads\/2024\/12\/4-.-S-01-300x300.jpg 300w, https:\/\/mmassemblyline.de\/wp-content\/uploads\/2024\/12\/4-.-S-01-150x150.jpg 150w, https:\/\/mmassemblyline.de\/wp-content\/uploads\/2024\/12\/4-.-S-01-768x768.jpg 768w, https:\/\/mmassemblyline.de\/wp-content\/uploads\/2024\/12\/4-.-S-01-1536x1536.jpg 1536w, https:\/\/mmassemblyline.de\/wp-content\/uploads\/2024\/12\/4-.-S-01-2048x2048.jpg 2048w, https:\/\/mmassemblyline.de\/wp-content\/uploads\/2024\/12\/4-.-S-01-12x12.jpg 12w, https:\/\/mmassemblyline.de\/wp-content\/uploads\/2024\/12\/4-.-S-01-70x70.jpg 70w\" sizes=\"(max-width: 525px) 100vw, 525px\" \/><\/a>\n\t\t\t<\/div><\/figure><figure class='gallery-item'>\n\t\t\t<div class='gallery-icon landscape'>\n\t\t\t\t<a data-elementor-open-lightbox=\"yes\" data-elementor-lightbox-slideshow=\"3f36ab9\" data-elementor-lightbox-title=\"1. S-01\" data-e-action-hash=\"#elementor-action%3Aaction%3Dlightbox%26settings%3DeyJpZCI6MjkzNiwidXJsIjoiaHR0cHM6XC9cL21tYXNzZW1ibHlsaW5lLmRlXC93cC1jb250ZW50XC91cGxvYWRzXC8yMDI0XC8xMlwvMS4tUy0wMS5qcGciLCJzbGlkZXNob3ciOiIzZjM2YWI5In0%3D\" href='https:\/\/mmassemblyline.de\/wp-content\/uploads\/2024\/12\/1.-S-01.jpg'><img loading=\"lazy\" decoding=\"async\" width=\"525\" height=\"525\" src=\"https:\/\/mmassemblyline.de\/wp-content\/uploads\/2024\/12\/1.-S-01-1024x1024.jpg\" class=\"attachment-large size-large\" alt=\"1. S-01\" srcset=\"https:\/\/mmassemblyline.de\/wp-content\/uploads\/2024\/12\/1.-S-01-1024x1024.jpg 1024w, https:\/\/mmassemblyline.de\/wp-content\/uploads\/2024\/12\/1.-S-01-300x300.jpg 300w, https:\/\/mmassemblyline.de\/wp-content\/uploads\/2024\/12\/1.-S-01-150x150.jpg 150w, https:\/\/mmassemblyline.de\/wp-content\/uploads\/2024\/12\/1.-S-01-768x768.jpg 768w, https:\/\/mmassemblyline.de\/wp-content\/uploads\/2024\/12\/1.-S-01-1536x1536.jpg 1536w, https:\/\/mmassemblyline.de\/wp-content\/uploads\/2024\/12\/1.-S-01-2048x2048.jpg 2048w, https:\/\/mmassemblyline.de\/wp-content\/uploads\/2024\/12\/1.-S-01-12x12.jpg 12w, https:\/\/mmassemblyline.de\/wp-content\/uploads\/2024\/12\/1.-S-01-70x70.jpg 70w\" sizes=\"(max-width: 525px) 100vw, 525px\" \/><\/a>\n\t\t\t<\/div><\/figure>\n\t\t<\/div>\n\t\t<\/div>\n\t\t\t\t\t\t<\/div>\n\t\t\t\t<\/div>\n\t\t\t\t<\/div>\n\t\t<div class=\"elementor-element elementor-element-05f6357 e-con-full e-flex e-con e-child\" data-id=\"05f6357\" data-element_type=\"container\" data-settings=\"{&quot;background_background&quot;:&quot;classic&quot;}\">\n\t\t\t\t<div class=\"elementor-element elementor-element-9da8654 elementor-widget elementor-widget-heading\" data-id=\"9da8654\" data-element_type=\"widget\" data-widget_type=\"heading.default\">\n\t\t\t\t<div class=\"elementor-widget-container\">\n\t\t\t\t\t<h2 class=\"elementor-heading-title elementor-size-default\">Technical Data<\/h2>\t\t\t\t<\/div>\n\t\t\t\t<\/div>\n\t\t\t\t<div class=\"elementor-element elementor-element-c4b38ab elementor-widget elementor-widget-text-editor\" data-id=\"c4b38ab\" data-element_type=\"widget\" data-widget_type=\"text-editor.default\">\n\t\t\t\t<div class=\"elementor-widget-container\">\n\t\t\t\t\t\t\t\t\t<p>-DIMENSIONS OF THE ALUMINUM PROFILES<\/p><p>Lamelle : 150 mm x 25 mm<br \/>Rahmen : 120 mm x 20 mm<\/p><p>-BEDIENUNG<\/p><p>Elektrische Bedienung \u00fcber den Somfy \u0399\u039f Handsender oder manuelle Bedienung mit Handkurbel<\/p><p>Elektrische Anschl\u00fcsse und Fundamente liegen in der Verantwortung und Verpflichtung des Kunden- Eigent\u00fcmers<\/p>\t\t\t\t\t\t\t\t<\/div>\n\t\t\t\t<\/div>\n\t\t\t\t<div class=\"elementor-element elementor-element-09b610a elementor-widget elementor-widget-heading\" data-id=\"09b610a\" data-element_type=\"widget\" data-widget_type=\"heading.default\">\n\t\t\t\t<div class=\"elementor-widget-container\">\n\t\t\t\t\t<h2 class=\"elementor-heading-title elementor-size-default\">Colors<\/h2>\t\t\t\t<\/div>\n\t\t\t\t<\/div>\n\t\t\t\t<div class=\"elementor-element elementor-element-3a38dde elementor-widget elementor-widget-image\" data-id=\"3a38dde\" data-element_type=\"widget\" data-widget_type=\"image.default\">\n\t\t\t\t<div class=\"elementor-widget-container\">\n\t\t\t\t\t\t\t\t\t\t\t\t\t\t\t<img loading=\"lazy\" decoding=\"async\" width=\"300\" height=\"101\" src=\"https:\/\/mmassemblyline.de\/wp-content\/uploads\/2024\/11\/farben-300x101.jpg\" class=\"attachment-medium size-medium wp-image-2489\" alt=\"farben\" srcset=\"https:\/\/mmassemblyline.de\/wp-content\/uploads\/2024\/11\/farben-300x101.jpg 300w, https:\/\/mmassemblyline.de\/wp-content\/uploads\/2024\/11\/farben-1024x346.jpg 1024w, https:\/\/mmassemblyline.de\/wp-content\/uploads\/2024\/11\/farben-768x259.jpg 768w, https:\/\/mmassemblyline.de\/wp-content\/uploads\/2024\/11\/farben.jpg 1200w\" sizes=\"(max-width: 300px) 100vw, 300px\" \/>\t\t\t\t\t\t\t\t\t\t\t\t\t\t\t<\/div>\n\t\t\t\t<\/div>\n\t\t\t\t<div class=\"elementor-element elementor-element-38c31c1 elementor-widget elementor-widget-heading\" data-id=\"38c31c1\" data-element_type=\"widget\" data-widget_type=\"heading.default\">\n\t\t\t\t<div class=\"elementor-widget-container\">\n\t\t\t\t\t<h2 class=\"elementor-heading-title elementor-size-default\">Installation Variants<\/h2>\t\t\t\t<\/div>\n\t\t\t\t<\/div>\n\t\t\t\t<div class=\"elementor-element elementor-element-133b682 elementor-widget elementor-widget-text-editor\" data-id=\"133b682\" data-element_type=\"widget\" data-widget_type=\"text-editor.default\">\n\t\t\t\t<div class=\"elementor-widget-container\">\n\t\t\t\t\t\t\t\t\t<p>-LAIBUNGSMONTAGE<\/p>\t\t\t\t\t\t\t\t<\/div>\n\t\t\t\t<\/div>\n\t\t\t\t<div class=\"elementor-element elementor-element-efda9f8 elementor-widget elementor-widget-heading\" data-id=\"efda9f8\" data-element_type=\"widget\" data-widget_type=\"heading.default\">\n\t\t\t\t<div class=\"elementor-widget-container\">\n\t\t\t\t\t<h2 class=\"elementor-heading-title elementor-size-default\">Use<\/h2>\t\t\t\t<\/div>\n\t\t\t\t<\/div>\n\t\t\t\t<div class=\"elementor-element elementor-element-9c4974c elementor-widget elementor-widget-text-editor\" data-id=\"9c4974c\" data-element_type=\"widget\" data-widget_type=\"text-editor.default\">\n\t\t\t\t<div class=\"elementor-widget-container\">\n\t\t\t\t\t\t\t\t\t<p>-Terrasse, Garten, Parkplatz im Freien u.a.<br \/>-Gewerbliche Verwendung, z. B. im<br \/>-Gastronomiebereich,Hotels\u00a0<br \/>-Neubau- und Renovierungsprojekte<\/p>\t\t\t\t\t\t\t\t<\/div>\n\t\t\t\t<\/div>\n\t\t\t\t<\/div>\n\t\t\t\t\t<\/div>\n\t\t\t\t<\/div>\n\t\t\t\t<\/div>","protected":false},"excerpt":{"rendered":"<p>Schattenwand Feste oder bewegliche Aluminiumw\u00e4nde bieten Schutz vor Sonnenstrahlen, indem man das einfallende Licht auf das gew\u00fcnschte Niveau regulieren kann. Projektgallerie Technische Daten -ABMESSUNGEN DER ALUPROFILE Lamelle : 150 mm x 25 mmRahmen : 120 mm x 20 mm -BEDIENUNG Elektrische Bedienung \u00fcber den Somfy \u0399\u039f Handsender oder manuelle Bedienung mit Handkurbel Elektrische Anschl\u00fcsse und [&hellip;]<\/p>","protected":false},"author":1,"featured_media":0,"parent":0,"menu_order":0,"comment_status":"closed","ping_status":"closed","template":"tpl-default-elementor.php","meta":{"footnotes":""},"class_list":["post-2671","page","type-page","status-publish","hentry"],"yoast_head":"<!-- This site is optimized with the Yoast SEO plugin v23.8 - https:\/\/yoast.com\/wordpress\/plugins\/seo\/ -->\n<title>Schattenwand - Lamellend\u00e4cher &amp; Terrassen\u00fcberdachungen | MMAssemblyLine<\/title>\n<meta name=\"robots\" content=\"index, follow, max-snippet:-1, max-image-preview:large, max-video-preview:-1\" \/>\n<link rel=\"canonical\" href=\"https:\/\/mmassemblyline.de\/en\/produkte-schattenwand\/\" \/>\n<meta property=\"og:locale\" content=\"en_US\" \/>\n<meta property=\"og:type\" content=\"article\" \/>\n<meta property=\"og:title\" content=\"Schattenwand - Lamellend\u00e4cher &amp; Terrassen\u00fcberdachungen | MMAssemblyLine\" \/>\n<meta property=\"og:description\" content=\"Schattenwand Feste oder bewegliche Aluminiumw\u00e4nde bieten Schutz vor Sonnenstrahlen, indem man das einfallende Licht auf das gew\u00fcnschte Niveau regulieren kann. Projektgallerie Technische Daten -ABMESSUNGEN DER ALUPROFILE Lamelle : 150 mm x 25 mmRahmen : 120 mm x 20 mm -BEDIENUNG Elektrische Bedienung \u00fcber den Somfy \u0399\u039f Handsender oder manuelle Bedienung mit Handkurbel Elektrische Anschl\u00fcsse und [&hellip;]\" \/>\n<meta property=\"og:url\" content=\"https:\/\/mmassemblyline.de\/en\/produkte-schattenwand\/\" \/>\n<meta property=\"og:site_name\" content=\"Lamellend\u00e4cher &amp; Terrassen\u00fcberdachungen | MMAssemblyLine\" \/>\n<meta property=\"article:publisher\" content=\"https:\/\/www.facebook.com\/mmaluminiumsystems\/\" \/>\n<meta property=\"article:modified_time\" content=\"2024-12-03T21:21:29+00:00\" \/>\n<meta property=\"og:image\" content=\"https:\/\/mmassemblyline.de\/wp-content\/uploads\/2024\/12\/2-.-S-01-1024x1024.jpg\" \/>\n<meta name=\"twitter:card\" content=\"summary_large_image\" \/>\n<meta name=\"twitter:label1\" content=\"Est. reading time\" \/>\n\t<meta name=\"twitter:data1\" content=\"2 minutes\" \/>\n<script type=\"application\/ld+json\" class=\"yoast-schema-graph\">{\"@context\":\"https:\/\/schema.org\",\"@graph\":[{\"@type\":\"WebPage\",\"@id\":\"https:\/\/mmassemblyline.de\/produkte-schattenwand\/\",\"url\":\"https:\/\/mmassemblyline.de\/produkte-schattenwand\/\",\"name\":\"Schattenwand - Lamellend\u00e4cher &amp; Terrassen\u00fcberdachungen | MMAssemblyLine\",\"isPartOf\":{\"@id\":\"https:\/\/mmassemblyline.de\/#website\"},\"primaryImageOfPage\":{\"@id\":\"https:\/\/mmassemblyline.de\/produkte-schattenwand\/#primaryimage\"},\"image\":{\"@id\":\"https:\/\/mmassemblyline.de\/produkte-schattenwand\/#primaryimage\"},\"thumbnailUrl\":\"https:\/\/mmassemblyline.de\/wp-content\/uploads\/2024\/12\/2-.-S-01-1024x1024.jpg\",\"datePublished\":\"2024-11-11T23:42:39+00:00\",\"dateModified\":\"2024-12-03T21:21:29+00:00\",\"breadcrumb\":{\"@id\":\"https:\/\/mmassemblyline.de\/produkte-schattenwand\/#breadcrumb\"},\"inLanguage\":\"en-US\",\"potentialAction\":[{\"@type\":\"ReadAction\",\"target\":[\"https:\/\/mmassemblyline.de\/produkte-schattenwand\/\"]}]},{\"@type\":\"ImageObject\",\"inLanguage\":\"en-US\",\"@id\":\"https:\/\/mmassemblyline.de\/produkte-schattenwand\/#primaryimage\",\"url\":\"https:\/\/mmassemblyline.de\/wp-content\/uploads\/2024\/12\/2-.-S-01-1024x1024.jpg\",\"contentUrl\":\"https:\/\/mmassemblyline.de\/wp-content\/uploads\/2024\/12\/2-.-S-01-1024x1024.jpg\"},{\"@type\":\"BreadcrumbList\",\"@id\":\"https:\/\/mmassemblyline.de\/produkte-schattenwand\/#breadcrumb\",\"itemListElement\":[{\"@type\":\"ListItem\",\"position\":1,\"name\":\"Home\",\"item\":\"https:\/\/mmassemblyline.de\/\"},{\"@type\":\"ListItem\",\"position\":2,\"name\":\"Schattenwand\"}]},{\"@type\":\"WebSite\",\"@id\":\"https:\/\/mmassemblyline.de\/#website\",\"url\":\"https:\/\/mmassemblyline.de\/\",\"name\":\"Lamellend\u00e4cher & Terrassen\u00fcberdachungen | MMAssemblyLine.de\",\"description\":\"\",\"publisher\":{\"@id\":\"https:\/\/mmassemblyline.de\/#organization\"},\"potentialAction\":[{\"@type\":\"SearchAction\",\"target\":{\"@type\":\"EntryPoint\",\"urlTemplate\":\"https:\/\/mmassemblyline.de\/?s={search_term_string}\"},\"query-input\":{\"@type\":\"PropertyValueSpecification\",\"valueRequired\":true,\"valueName\":\"search_term_string\"}}],\"inLanguage\":\"en-US\"},{\"@type\":\"Organization\",\"@id\":\"https:\/\/mmassemblyline.de\/#organization\",\"name\":\"MMAssemblyLine\",\"url\":\"https:\/\/mmassemblyline.de\/\",\"logo\":{\"@type\":\"ImageObject\",\"inLanguage\":\"en-US\",\"@id\":\"https:\/\/mmassemblyline.de\/#\/schema\/logo\/image\/\",\"url\":\"https:\/\/mmassemblyline.de\/wp-content\/uploads\/2024\/11\/mmaluminiumsystems-logo-new-72-1.jpg\",\"contentUrl\":\"https:\/\/mmassemblyline.de\/wp-content\/uploads\/2024\/11\/mmaluminiumsystems-logo-new-72-1.jpg\",\"width\":500,\"height\":72,\"caption\":\"MMAssemblyLine\"},\"image\":{\"@id\":\"https:\/\/mmassemblyline.de\/#\/schema\/logo\/image\/\"},\"sameAs\":[\"https:\/\/www.facebook.com\/mmaluminiumsystems\/\",\"https:\/\/instagram.com\/mmaluminiumsystems\"]}]}<\/script>\n<!-- \/ Yoast SEO plugin. -->","yoast_head_json":{"title":"Schattenwand - Lamellend\u00e4cher &amp; Terrassen\u00fcberdachungen | MMAssemblyLine","robots":{"index":"index","follow":"follow","max-snippet":"max-snippet:-1","max-image-preview":"max-image-preview:large","max-video-preview":"max-video-preview:-1"},"canonical":"https:\/\/mmassemblyline.de\/en\/produkte-schattenwand\/","og_locale":"en_US","og_type":"article","og_title":"Schattenwand - Lamellend\u00e4cher &amp; Terrassen\u00fcberdachungen | MMAssemblyLine","og_description":"Schattenwand Feste oder bewegliche Aluminiumw\u00e4nde bieten Schutz vor Sonnenstrahlen, indem man das einfallende Licht auf das gew\u00fcnschte Niveau regulieren kann. Projektgallerie Technische Daten -ABMESSUNGEN DER ALUPROFILE Lamelle : 150 mm x 25 mmRahmen : 120 mm x 20 mm -BEDIENUNG Elektrische Bedienung \u00fcber den Somfy \u0399\u039f Handsender oder manuelle Bedienung mit Handkurbel Elektrische Anschl\u00fcsse und [&hellip;]","og_url":"https:\/\/mmassemblyline.de\/en\/produkte-schattenwand\/","og_site_name":"Lamellend\u00e4cher &amp; Terrassen\u00fcberdachungen | MMAssemblyLine","article_publisher":"https:\/\/www.facebook.com\/mmaluminiumsystems\/","article_modified_time":"2024-12-03T21:21:29+00:00","og_image":[{"url":"https:\/\/mmassemblyline.de\/wp-content\/uploads\/2024\/12\/2-.-S-01-1024x1024.jpg"}],"twitter_card":"summary_large_image","twitter_misc":{"Est. reading time":"2 minutes"},"schema":{"@context":"https:\/\/schema.org","@graph":[{"@type":"WebPage","@id":"https:\/\/mmassemblyline.de\/produkte-schattenwand\/","url":"https:\/\/mmassemblyline.de\/produkte-schattenwand\/","name":"Schattenwand - Lamellend\u00e4cher &amp; Terrassen\u00fcberdachungen | MMAssemblyLine","isPartOf":{"@id":"https:\/\/mmassemblyline.de\/#website"},"primaryImageOfPage":{"@id":"https:\/\/mmassemblyline.de\/produkte-schattenwand\/#primaryimage"},"image":{"@id":"https:\/\/mmassemblyline.de\/produkte-schattenwand\/#primaryimage"},"thumbnailUrl":"https:\/\/mmassemblyline.de\/wp-content\/uploads\/2024\/12\/2-.-S-01-1024x1024.jpg","datePublished":"2024-11-11T23:42:39+00:00","dateModified":"2024-12-03T21:21:29+00:00","breadcrumb":{"@id":"https:\/\/mmassemblyline.de\/produkte-schattenwand\/#breadcrumb"},"inLanguage":"en-US","potentialAction":[{"@type":"ReadAction","target":["https:\/\/mmassemblyline.de\/produkte-schattenwand\/"]}]},{"@type":"ImageObject","inLanguage":"en-US","@id":"https:\/\/mmassemblyline.de\/produkte-schattenwand\/#primaryimage","url":"https:\/\/mmassemblyline.de\/wp-content\/uploads\/2024\/12\/2-.-S-01-1024x1024.jpg","contentUrl":"https:\/\/mmassemblyline.de\/wp-content\/uploads\/2024\/12\/2-.-S-01-1024x1024.jpg"},{"@type":"BreadcrumbList","@id":"https:\/\/mmassemblyline.de\/produkte-schattenwand\/#breadcrumb","itemListElement":[{"@type":"ListItem","position":1,"name":"Home","item":"https:\/\/mmassemblyline.de\/"},{"@type":"ListItem","position":2,"name":"Schattenwand"}]},{"@type":"WebSite","@id":"https:\/\/mmassemblyline.de\/#website","url":"https:\/\/mmassemblyline.de\/","name":"Lamellend\u00e4cher & Terrassen\u00fcberdachungen | MMAssemblyLine.de","description":"","publisher":{"@id":"https:\/\/mmassemblyline.de\/#organization"},"potentialAction":[{"@type":"SearchAction","target":{"@type":"EntryPoint","urlTemplate":"https:\/\/mmassemblyline.de\/?s={search_term_string}"},"query-input":{"@type":"PropertyValueSpecification","valueRequired":true,"valueName":"search_term_string"}}],"inLanguage":"en-US"},{"@type":"Organization","@id":"https:\/\/mmassemblyline.de\/#organization","name":"MMAssemblyLine","url":"https:\/\/mmassemblyline.de\/","logo":{"@type":"ImageObject","inLanguage":"en-US","@id":"https:\/\/mmassemblyline.de\/#\/schema\/logo\/image\/","url":"https:\/\/mmassemblyline.de\/wp-content\/uploads\/2024\/11\/mmaluminiumsystems-logo-new-72-1.jpg","contentUrl":"https:\/\/mmassemblyline.de\/wp-content\/uploads\/2024\/11\/mmaluminiumsystems-logo-new-72-1.jpg","width":500,"height":72,"caption":"MMAssemblyLine"},"image":{"@id":"https:\/\/mmassemblyline.de\/#\/schema\/logo\/image\/"},"sameAs":["https:\/\/www.facebook.com\/mmaluminiumsystems\/","https:\/\/instagram.com\/mmaluminiumsystems"]}]}},"_links":{"self":[{"href":"https:\/\/mmassemblyline.de\/en\/wp-json\/wp\/v2\/pages\/2671","targetHints":{"allow":["GET"]}}],"collection":[{"href":"https:\/\/mmassemblyline.de\/en\/wp-json\/wp\/v2\/pages"}],"about":[{"href":"https:\/\/mmassemblyline.de\/en\/wp-json\/wp\/v2\/types\/page"}],"author":[{"embeddable":true,"href":"https:\/\/mmassemblyline.de\/en\/wp-json\/wp\/v2\/users\/1"}],"replies":[{"embeddable":true,"href":"https:\/\/mmassemblyline.de\/en\/wp-json\/wp\/v2\/comments?post=2671"}],"version-history":[{"count":13,"href":"https:\/\/mmassemblyline.de\/en\/wp-json\/wp\/v2\/pages\/2671\/revisions"}],"predecessor-version":[{"id":2939,"href":"https:\/\/mmassemblyline.de\/en\/wp-json\/wp\/v2\/pages\/2671\/revisions\/2939"}],"wp:attachment":[{"href":"https:\/\/mmassemblyline.de\/en\/wp-json\/wp\/v2\/media?parent=2671"}],"curies":[{"name":"wp","href":"https:\/\/api.w.org\/{rel}","templated":true}]}}