{"id":40,"date":"2020-02-24T03:37:52","date_gmt":"2020-02-24T03:37:52","guid":{"rendered":"https:\/\/old3.commonsupport.com\/rinbuild\/?page_id=40"},"modified":"2025-09-04T16:48:46","modified_gmt":"2025-09-04T13:48:46","slug":"kontakt","status":"publish","type":"page","link":"https:\/\/mmassemblyline.de\/en\/kontakt\/","title":{"rendered":"Contact"},"content":{"rendered":"<div data-elementor-type=\"wp-page\" data-elementor-id=\"40\" class=\"elementor elementor-40\">\n\t\t\t\t\t\t<section class=\"elementor-section elementor-top-section elementor-element elementor-element-a1e5b8f elementor-section-boxed elementor-section-height-default elementor-section-height-default\" data-id=\"a1e5b8f\" data-element_type=\"section\" data-settings=\"{&quot;background_background&quot;:&quot;classic&quot;}\">\n\t\t\t\t\t\t<div class=\"elementor-container elementor-column-gap-default\">\n\t\t\t\t\t<div class=\"elementor-column elementor-col-33 elementor-top-column elementor-element elementor-element-ea9c820\" data-id=\"ea9c820\" data-element_type=\"column\">\n\t\t\t<div class=\"elementor-widget-wrap elementor-element-populated\">\n\t\t\t\t\t\t<div class=\"elementor-element elementor-element-f9d2b76 elementor-widget elementor-widget-rinbuild_contact_info\" data-id=\"f9d2b76\" data-element_type=\"widget\" data-widget_type=\"rinbuild_contact_info.default\">\n\t\t\t\t<div class=\"elementor-widget-container\">\n\t\t\t\t\t<section class=\"contact-info-area\">\n    <div class=\"container\">\n        <div class=\"row\">\n\t\t\t<div class=\"col-xl-12 col-lg-12\">\n                <div class=\"single-contact-info-box text-center\">\n                    <div class=\"icon\"><span class=\"icon flaticon-headphones\"><\/span><\/div>\n                    <div class=\"title\">\n                        <h3>Our Phones<\/h3>\n                        <ul>\n                            <li><a href=\"http:\/\/06152\/9558562\">06152\/9558562<\/a><\/li>\n                            <li><a href=\"\">01523\/7996405\n\n<\/a><\/li>\n                        <\/ul>\n                    <\/div>\n                <\/div>\n            <\/div>\t\t\t\n        <\/div>\n    <\/div>\n<\/section>\n\t\t\t\t\t\t<\/div>\n\t\t\t\t<\/div>\n\t\t\t\t\t<\/div>\n\t\t<\/div>\n\t\t\t\t<div class=\"elementor-column elementor-col-33 elementor-top-column elementor-element elementor-element-9a2fdd1\" data-id=\"9a2fdd1\" data-element_type=\"column\">\n\t\t\t<div class=\"elementor-widget-wrap elementor-element-populated\">\n\t\t\t\t\t\t<div class=\"elementor-element elementor-element-6916821 elementor-widget elementor-widget-rinbuild_contact_info\" data-id=\"6916821\" data-element_type=\"widget\" data-widget_type=\"rinbuild_contact_info.default\">\n\t\t\t\t<div class=\"elementor-widget-container\">\n\t\t\t\t\t<section class=\"contact-info-area\">\n    <div class=\"container\">\n        <div class=\"row\">\n\t\t\t<div class=\"col-xl-12 col-lg-12\">\n                <div class=\"single-contact-info-box text-center\">\n                    <div class=\"icon\"><span class=\"icon flaticon-mail-1\"><\/span><\/div>\n                    <div class=\"title\">\n                        <h3>Our E-mail<\/h3>\n                        <ul>\n                            <li><a href=\"http:\/\/info@mm-assemblyline.de\">info@mm-assemblyline.de<\/a><\/li>\n                            <li><a href=\"\"><\/a><\/li>\n                        <\/ul>\n                    <\/div>\n                <\/div>\n            <\/div>\t\t\t\n        <\/div>\n    <\/div>\n<\/section>\n\t\t\t\t\t\t<\/div>\n\t\t\t\t<\/div>\n\t\t\t\t\t<\/div>\n\t\t<\/div>\n\t\t\t\t<div class=\"elementor-column elementor-col-33 elementor-top-column elementor-element elementor-element-83f9aee\" data-id=\"83f9aee\" data-element_type=\"column\">\n\t\t\t<div class=\"elementor-widget-wrap elementor-element-populated\">\n\t\t\t\t\t\t<div class=\"elementor-element elementor-element-58e5156 elementor-widget elementor-widget-rinbuild_contact_info\" data-id=\"58e5156\" data-element_type=\"widget\" data-widget_type=\"rinbuild_contact_info.default\">\n\t\t\t\t<div class=\"elementor-widget-container\">\n\t\t\t\t\t<section class=\"contact-info-area\">\n    <div class=\"container\">\n        <div class=\"row\">\n\t\t\t<div class=\"col-xl-12 col-lg-12\">\n                <div class=\"single-contact-info-box text-center\">\n                    <div class=\"icon\"><span class=\"icon flaticon-pin-1\"><\/span><\/div>\n                    <div class=\"title\">\n                        <h3>Our Location<\/h3>\n                        <ul>\n                            <li><a href=\"\">K\u00f6nigst\u00e4dter Stra\u00dfe 7<\/a><\/li>\n                            <li><a href=\"\">\n\n64569 Nauheim, Germany<\/a><\/li>\n                        <\/ul>\n                    <\/div>\n                <\/div>\n            <\/div>\t\t\t\n        <\/div>\n    <\/div>\n<\/section>\n\t\t\t\t\t\t<\/div>\n\t\t\t\t<\/div>\n\t\t\t\t\t<\/div>\n\t\t<\/div>\n\t\t\t\t\t<\/div>\n\t\t<\/section>\n\t\t\t\t<section class=\"elementor-section elementor-top-section elementor-element elementor-element-0431666 elementor-section-boxed elementor-section-height-default elementor-section-height-default\" data-id=\"0431666\" data-element_type=\"section\">\n\t\t\t\t\t\t<div class=\"elementor-container elementor-column-gap-default\">\n\t\t\t\t\t<div class=\"elementor-column elementor-col-50 elementor-top-column elementor-element elementor-element-001daed\" data-id=\"001daed\" data-element_type=\"column\">\n\t\t\t<div class=\"elementor-widget-wrap elementor-element-populated\">\n\t\t\t\t\t\t<div class=\"elementor-element elementor-element-ae5ac35 elementor-widget__width-initial elementor-widget elementor-widget-rinbuild_contactform\" data-id=\"ae5ac35\" data-element_type=\"widget\" data-widget_type=\"rinbuild_contactform.default\">\n\t\t\t\t<div class=\"elementor-widget-container\">\n\t\t\t\t\t<section class=\"contact-form-area\">\n    <div class=\"auto-container\">\n        <div class=\"row clearfix\"> \n            <div class=\"col-xl-12 col-lg-12 col-md-12\">\n                <div class=\"contact-form\">\n                    <div class=\"title\">\n                        <h3>Kontaktieren Sie uns jetzt f\u00fcr Support <\/h3>\n                    <\/div>\n                    <div class=\"inner-box\">\n                        \n<div class=\"wpcf7 no-js\" id=\"wpcf7-f446-o1\" lang=\"en-US\" dir=\"ltr\" data-wpcf7-id=\"446\">\n<div class=\"screen-reader-response\"><p role=\"status\" aria-live=\"polite\" aria-atomic=\"true\"><\/p> <ul><\/ul><\/div>\n<form action=\"\/en\/wp-json\/wp\/v2\/pages\/40#wpcf7-f446-o1\" method=\"post\" class=\"wpcf7-form init\" aria-label=\"Contact form\" novalidate=\"novalidate\" data-status=\"init\" data-trp-original-action=\"\/en\/wp-json\/wp\/v2\/pages\/40#wpcf7-f446-o1\">\n<div style=\"display: none;\">\n<input type=\"hidden\" name=\"_wpcf7\" value=\"446\" \/>\n<input type=\"hidden\" name=\"_wpcf7_version\" value=\"6.0.6\" \/>\n<input type=\"hidden\" name=\"_wpcf7_locale\" value=\"en_US\" \/>\n<input type=\"hidden\" name=\"_wpcf7_unit_tag\" value=\"wpcf7-f446-o1\" \/>\n<input type=\"hidden\" name=\"_wpcf7_container_post\" value=\"0\" \/>\n<input type=\"hidden\" name=\"_wpcf7_posted_data_hash\" value=\"\" \/>\n<\/div>\n<div class=\"default-form2\">\n\t<div class=\"row\">\n\t\t<div class=\"col-xl-6\">\n\t\t\t<div class=\"input-box\">\n\t\t\t\t<p>Name:\n\t\t\t\t<\/p>\n\t\t\t\t<p><span class=\"wpcf7-form-control-wrap\" data-name=\"text-124\"><input size=\"40\" maxlength=\"400\" class=\"wpcf7-form-control wpcf7-text wpcf7-validates-as-required\" aria-required=\"true\" aria-invalid=\"false\" value=\"\" type=\"text\" name=\"text-124\" \/><\/span>\n\t\t\t\t<\/p>\n\t\t\t<\/div>\n\t\t<\/div>\n\t\t<div class=\"col-xl-6\">\n\t\t\t<div class=\"input-box\">\n\t\t\t\t<p>Email Address:\n\t\t\t\t<\/p>\n\t\t\t\t<p><span class=\"wpcf7-form-control-wrap\" data-name=\"email-611\"><input size=\"40\" maxlength=\"400\" class=\"wpcf7-form-control wpcf7-email wpcf7-validates-as-required wpcf7-text wpcf7-validates-as-email\" aria-required=\"true\" aria-invalid=\"false\" value=\"\" type=\"email\" name=\"email-611\" \/><\/span>\n\t\t\t\t<\/p>\n\t\t\t<\/div>\n\t\t<\/div>\n\t<\/div>\n\t<div class=\"row\">\n\t\t<div class=\"col-xl-6\">\n\t\t\t<div class=\"input-box\">\n\t\t\t\t<p>Subject:\n\t\t\t\t<\/p>\n\t\t\t\t<p><span class=\"wpcf7-form-control-wrap\" data-name=\"text-210\"><input size=\"40\" maxlength=\"400\" class=\"wpcf7-form-control wpcf7-text wpcf7-validates-as-required\" aria-required=\"true\" aria-invalid=\"false\" value=\"\" type=\"text\" name=\"text-210\" \/><\/span>\n\t\t\t\t<\/p>\n\t\t\t<\/div>\n\t\t<\/div>\n\t\t<div class=\"col-xl-6\">\n\t\t\t<div class=\"input-box\">\n\t\t\t\t<p>Phone:\n\t\t\t\t<\/p>\n\t\t\t\t<p><span class=\"wpcf7-form-control-wrap\" data-name=\"text-942\"><input size=\"40\" maxlength=\"400\" class=\"wpcf7-form-control wpcf7-text\" aria-invalid=\"false\" value=\"\" type=\"text\" name=\"text-942\" \/><\/span>\n\t\t\t\t<\/p>\n\t\t\t<\/div>\n\t\t<\/div>\n\t<\/div>\n\t<div class=\"row\">\n\t\t<div class=\"col-xl-12\">\n\t\t\t<div class=\"input-box\">\n\t\t\t\t<p>Message:\n\t\t\t\t<\/p>\n\t\t\t\t<p><span class=\"wpcf7-form-control-wrap\" data-name=\"textarea-987\"><textarea cols=\"40\" rows=\"10\" maxlength=\"2000\" class=\"wpcf7-form-control wpcf7-textarea wpcf7-validates-as-required\" aria-required=\"true\" aria-invalid=\"false\" name=\"textarea-987\"><\/textarea><\/span>\n\t\t\t\t<\/p>\n\t\t\t<\/div>\n\t\t<\/div>\n\t<\/div>\n\t<div class=\"row\">\n\t\t<div class=\"col-xl-12\">\n\t\t\t<div class=\"button-box\">\n\t\t\t\t<p><input id=\"form_botcheck\" name=\"form_botcheck\" class=\"form-control\" type=\"hidden\" value=\"\" \/><br \/>\n<div id=\"cf7sr-69e20a70bb520\" class=\"cf7sr-g-recaptcha\" data-theme=\"light\" data-type=\"image\" data-size=\"normal\" data-sitekey=\"6LfK8n4qAAAAAJtgz6iA2HU-vjG_mI2a94aTzjBo\"><\/div><span class=\"wpcf7-form-control-wrap cf7sr-recaptcha\" data-name=\"cf7sr-recaptcha\"><input type=\"hidden\" name=\"cf7sr-recaptcha\" value=\"\" class=\"wpcf7-form-control\"><\/span><br \/>\n<button class=\"btn-one\" type=\"submit\" data-loading-text=\"Please wait...\">Submit<\/button>\n\t\t\t\t<\/p>\n\t\t\t<\/div>\n\t\t<\/div>\n\t<\/div>\n<\/div><div class=\"wpcf7-response-output\" aria-hidden=\"true\"><\/div>\n<input type=\"hidden\" name=\"trp-form-language\" value=\"en\"\/><\/form>\n<\/div>\n                    <\/div>\n                <\/div>\n            <\/div>\n        <\/div>\n    <\/div>\n<\/section>\n\t\t\t\t\t\t<\/div>\n\t\t\t\t<\/div>\n\t\t\t\t\t<\/div>\n\t\t<\/div>\n\t\t\t\t<div class=\"elementor-column elementor-col-50 elementor-top-column elementor-element elementor-element-501c83f\" data-id=\"501c83f\" data-element_type=\"column\">\n\t\t\t<div class=\"elementor-widget-wrap elementor-element-populated\">\n\t\t\t\t\t\t<div class=\"elementor-element elementor-element-a309f8b elementor-widget__width-initial elementor-widget elementor-widget-rinbuild_contactblock\" data-id=\"a309f8b\" data-element_type=\"widget\" data-widget_type=\"rinbuild_contactblock.default\">\n\t\t\t\t<div class=\"elementor-widget-container\">\n\t\t\t\t\t<section class=\"contact-form-area\">\n    <div class=\"auto-container\">\n        <div class=\"row clearfix\"> \n            <div class=\"col-xl-12 col-lg-12 col-md-12\">\n                <div class=\"contact-information-box\">\n                    <div class=\"title\">\n                        <h3>mm Assembly line GmbH\n<\/h3>\n                        <p>The mm Assembly line is always at your disposal! Do not hesitate to contact us with any questions or suggestions. We are happy to help you!\n\n<\/p>\n                    <\/div>\n                    <ul class=\"contact-us\">\n                        \n\t\t\t\t\t\t\t\t\t\t\t\t\n                        <li>\n                            <div class=\"icon\">\n                                <span class=\"icon flaticon-pin-1\"><\/span>\n                            <\/div>\n                            <div class=\"text\">\n                                <a href=\"\">K\u00f6nigst\u00e4dter Stra\u00dfe 7, 64569 Nauheim, Deutschland<\/a>\n                            <\/div>\n                        <\/li>\n                        \n\t\t\t\t\t\t\t\t\t\t\t\t\n                        <li>\n                            <div class=\"icon\">\n                                <span class=\"icon flaticon-open-envelope-with-letter\"><\/span>\n                            <\/div>\n                            <div class=\"text\">\n                                <a href=\"mailto:info@mm-assemblyline.de\">info@mm-assemblyline.de<\/a>\n                            <\/div>\n                        <\/li>\n                        \n\t\t\t\t\t\t\t\t\t\t\t\t\n                        <li>\n                            <div class=\"icon\">\n                                <span class=\"icon flaticon-call\"><\/span>\n                            <\/div>\n                            <div class=\"text\">\n                                <a href=\"\">06152\/9558562<\/a>\n                            <\/div>\n                        <\/li>\n                        \n\t\t\t\t\t\t\t\t\t\t\t\t\n                        <li>\n                            <div class=\"icon\">\n                                <span class=\"icon flaticon-smartphone\"><\/span>\n                            <\/div>\n                            <div class=\"text\">\n                                <a href=\"\">01523\/7996405<\/a>\n                            <\/div>\n                        <\/li>\n                        \n\t\t\t\t\t\t                    <\/ul>\n                <\/div>    \n            <\/div>\n\n        <\/div>\n    <\/div>\n<\/section>\n\t\t\t\t\t\t<\/div>\n\t\t\t\t<\/div>\n\t\t\t\t\t<\/div>\n\t\t<\/div>\n\t\t\t\t\t<\/div>\n\t\t<\/section>\n\t\t\t\t<section class=\"elementor-section elementor-top-section elementor-element elementor-element-0353ec0 elementor-section-stretched elementor-section-full_width elementor-section-height-default elementor-section-height-default\" data-id=\"0353ec0\" data-element_type=\"section\" data-settings=\"{&quot;stretch_section&quot;:&quot;section-stretched&quot;}\">\n\t\t\t\t\t\t<div class=\"elementor-container elementor-column-gap-no\">\n\t\t\t\t\t<div class=\"elementor-column elementor-col-100 elementor-top-column elementor-element elementor-element-c752c2d\" data-id=\"c752c2d\" data-element_type=\"column\">\n\t\t\t<div class=\"elementor-widget-wrap elementor-element-populated\">\n\t\t\t\t\t\t<div class=\"elementor-element elementor-element-9420c2a elementor-widget elementor-widget-google_maps\" data-id=\"9420c2a\" data-element_type=\"widget\" data-widget_type=\"google_maps.default\">\n\t\t\t\t<div class=\"elementor-widget-container\">\n\t\t\t\t\t\t\t<div class=\"elementor-custom-embed\">\n\t\t\t<iframe loading=\"lazy\"\n\t\t\t\t\tsrc=\"https:\/\/maps.google.com\/maps?q=K%C3%B6nigst%C3%A4dter%20Stra%C3%9Fe%207%20%2064569%20Nauheim%2C%20Germany&#038;t=m&#038;z=14&#038;output=embed&#038;iwloc=near\"\n\t\t\t\t\ttitle=\"K\u00f6nigst\u00e4dter Stra\u00dfe 7  64569 Nauheim, Germany\"\n\t\t\t\t\taria-label=\"K\u00f6nigst\u00e4dter Stra\u00dfe 7  64569 Nauheim, Germany\"\n\t\t\t><\/iframe>\n\t\t<\/div>\n\t\t\t\t\t\t<\/div>\n\t\t\t\t<\/div>\n\t\t\t\t\t<\/div>\n\t\t<\/div>\n\t\t\t\t\t<\/div>\n\t\t<\/section>\n\t\t\t\t<\/div>","protected":false},"excerpt":{"rendered":"<p>Unser Kontakt 06152\/9558562 01523\/7996405 Unsere E-Mail info@mm-assemblyline.de Unsere Lage K\u00f6nigst\u00e4dter Stra\u00dfe 7 64569 Nauheim, Germany Kontaktieren Sie uns jetzt f\u00fcr Support Name: Email Addresse: Betreff: Telefon: Nachricht: Senden mm Assembly line GmbH Die mm Assembly line steht Ihnen jederzeit zur Verf\u00fcgung! Z\u00f6gern Sie nicht, uns f\u00fcr Fragen oder Anregungen zu kontaktieren. Wir freuen uns, Ihnen [&hellip;]<\/p>","protected":false},"author":1,"featured_media":0,"parent":0,"menu_order":0,"comment_status":"closed","ping_status":"closed","template":"tpl-default-elementor.php","meta":{"footnotes":""},"class_list":["post-40","page","type-page","status-publish","hentry"],"yoast_head":"<!-- This site is optimized with the Yoast SEO plugin v23.8 - https:\/\/yoast.com\/wordpress\/plugins\/seo\/ -->\n<title>Kontakt - Lamellend\u00e4cher &amp; Terrassen\u00fcberdachungen | MMAssemblyLine<\/title>\n<meta name=\"robots\" content=\"index, follow, max-snippet:-1, max-image-preview:large, max-video-preview:-1\" \/>\n<link rel=\"canonical\" href=\"https:\/\/mmassemblyline.de\/en\/kontakt\/\" \/>\n<meta property=\"og:locale\" content=\"en_US\" \/>\n<meta property=\"og:type\" content=\"article\" \/>\n<meta property=\"og:title\" content=\"Kontakt - Lamellend\u00e4cher &amp; Terrassen\u00fcberdachungen | MMAssemblyLine\" \/>\n<meta property=\"og:description\" content=\"Unser Kontakt 06152\/9558562 01523\/7996405 Unsere E-Mail info@mm-assemblyline.de Unsere Lage K\u00f6nigst\u00e4dter Stra\u00dfe 7 64569 Nauheim, Germany Kontaktieren Sie uns jetzt f\u00fcr Support Name: Email Addresse: Betreff: Telefon: Nachricht: Senden mm Assembly line GmbH Die mm Assembly line steht Ihnen jederzeit zur Verf\u00fcgung! Z\u00f6gern Sie nicht, uns f\u00fcr Fragen oder Anregungen zu kontaktieren. Wir freuen uns, Ihnen [&hellip;]\" \/>\n<meta property=\"og:url\" content=\"https:\/\/mmassemblyline.de\/en\/kontakt\/\" \/>\n<meta property=\"og:site_name\" content=\"Lamellend\u00e4cher &amp; Terrassen\u00fcberdachungen | MMAssemblyLine\" \/>\n<meta property=\"article:publisher\" content=\"https:\/\/www.facebook.com\/mmaluminiumsystems\/\" \/>\n<meta property=\"article:modified_time\" content=\"2025-09-04T13:48:46+00:00\" \/>\n<meta property=\"og:image\" content=\"https:\/\/mmassemblyline.de\/wp-content\/uploads\/2024\/11\/Screenshot_14.png\" \/>\n\t<meta property=\"og:image:width\" content=\"1743\" \/>\n\t<meta property=\"og:image:height\" content=\"824\" \/>\n\t<meta property=\"og:image:type\" content=\"image\/png\" \/>\n<meta name=\"twitter:card\" content=\"summary_large_image\" \/>\n<meta name=\"twitter:label1\" content=\"Est. reading time\" \/>\n\t<meta name=\"twitter:data1\" content=\"1 minute\" \/>\n<script type=\"application\/ld+json\" class=\"yoast-schema-graph\">{\"@context\":\"https:\/\/schema.org\",\"@graph\":[{\"@type\":\"WebPage\",\"@id\":\"https:\/\/mmassemblyline.de\/kontakt\/\",\"url\":\"https:\/\/mmassemblyline.de\/kontakt\/\",\"name\":\"Kontakt - Lamellend\u00e4cher &amp; Terrassen\u00fcberdachungen | MMAssemblyLine\",\"isPartOf\":{\"@id\":\"https:\/\/mmassemblyline.de\/#website\"},\"datePublished\":\"2020-02-24T03:37:52+00:00\",\"dateModified\":\"2025-09-04T13:48:46+00:00\",\"breadcrumb\":{\"@id\":\"https:\/\/mmassemblyline.de\/kontakt\/#breadcrumb\"},\"inLanguage\":\"en-US\",\"potentialAction\":[{\"@type\":\"ReadAction\",\"target\":[\"https:\/\/mmassemblyline.de\/kontakt\/\"]}]},{\"@type\":\"BreadcrumbList\",\"@id\":\"https:\/\/mmassemblyline.de\/kontakt\/#breadcrumb\",\"itemListElement\":[{\"@type\":\"ListItem\",\"position\":1,\"name\":\"Home\",\"item\":\"https:\/\/mmassemblyline.de\/\"},{\"@type\":\"ListItem\",\"position\":2,\"name\":\"Kontakt\"}]},{\"@type\":\"WebSite\",\"@id\":\"https:\/\/mmassemblyline.de\/#website\",\"url\":\"https:\/\/mmassemblyline.de\/\",\"name\":\"Lamellend\u00e4cher & Terrassen\u00fcberdachungen | MMAssemblyLine.de\",\"description\":\"\",\"publisher\":{\"@id\":\"https:\/\/mmassemblyline.de\/#organization\"},\"potentialAction\":[{\"@type\":\"SearchAction\",\"target\":{\"@type\":\"EntryPoint\",\"urlTemplate\":\"https:\/\/mmassemblyline.de\/?s={search_term_string}\"},\"query-input\":{\"@type\":\"PropertyValueSpecification\",\"valueRequired\":true,\"valueName\":\"search_term_string\"}}],\"inLanguage\":\"en-US\"},{\"@type\":\"Organization\",\"@id\":\"https:\/\/mmassemblyline.de\/#organization\",\"name\":\"MMAssemblyLine\",\"url\":\"https:\/\/mmassemblyline.de\/\",\"logo\":{\"@type\":\"ImageObject\",\"inLanguage\":\"en-US\",\"@id\":\"https:\/\/mmassemblyline.de\/#\/schema\/logo\/image\/\",\"url\":\"https:\/\/mmassemblyline.de\/wp-content\/uploads\/2024\/11\/mmaluminiumsystems-logo-new-72-1.jpg\",\"contentUrl\":\"https:\/\/mmassemblyline.de\/wp-content\/uploads\/2024\/11\/mmaluminiumsystems-logo-new-72-1.jpg\",\"width\":500,\"height\":72,\"caption\":\"MMAssemblyLine\"},\"image\":{\"@id\":\"https:\/\/mmassemblyline.de\/#\/schema\/logo\/image\/\"},\"sameAs\":[\"https:\/\/www.facebook.com\/mmaluminiumsystems\/\",\"https:\/\/instagram.com\/mmaluminiumsystems\"]}]}<\/script>\n<!-- \/ Yoast SEO plugin. -->","yoast_head_json":{"title":"Kontakt - Lamellend\u00e4cher &amp; Terrassen\u00fcberdachungen | MMAssemblyLine","robots":{"index":"index","follow":"follow","max-snippet":"max-snippet:-1","max-image-preview":"max-image-preview:large","max-video-preview":"max-video-preview:-1"},"canonical":"https:\/\/mmassemblyline.de\/en\/kontakt\/","og_locale":"en_US","og_type":"article","og_title":"Kontakt - Lamellend\u00e4cher &amp; Terrassen\u00fcberdachungen | MMAssemblyLine","og_description":"Unser Kontakt 06152\/9558562 01523\/7996405 Unsere E-Mail info@mm-assemblyline.de Unsere Lage K\u00f6nigst\u00e4dter Stra\u00dfe 7 64569 Nauheim, Germany Kontaktieren Sie uns jetzt f\u00fcr Support Name: Email Addresse: Betreff: Telefon: Nachricht: Senden mm Assembly line GmbH Die mm Assembly line steht Ihnen jederzeit zur Verf\u00fcgung! Z\u00f6gern Sie nicht, uns f\u00fcr Fragen oder Anregungen zu kontaktieren. Wir freuen uns, Ihnen [&hellip;]","og_url":"https:\/\/mmassemblyline.de\/en\/kontakt\/","og_site_name":"Lamellend\u00e4cher &amp; Terrassen\u00fcberdachungen | MMAssemblyLine","article_publisher":"https:\/\/www.facebook.com\/mmaluminiumsystems\/","article_modified_time":"2025-09-04T13:48:46+00:00","og_image":[{"width":1743,"height":824,"url":"https:\/\/mmassemblyline.de\/wp-content\/uploads\/2024\/11\/Screenshot_14.png","type":"image\/png"}],"twitter_card":"summary_large_image","twitter_misc":{"Est. reading time":"1 minute"},"schema":{"@context":"https:\/\/schema.org","@graph":[{"@type":"WebPage","@id":"https:\/\/mmassemblyline.de\/kontakt\/","url":"https:\/\/mmassemblyline.de\/kontakt\/","name":"Kontakt - Lamellend\u00e4cher &amp; Terrassen\u00fcberdachungen | MMAssemblyLine","isPartOf":{"@id":"https:\/\/mmassemblyline.de\/#website"},"datePublished":"2020-02-24T03:37:52+00:00","dateModified":"2025-09-04T13:48:46+00:00","breadcrumb":{"@id":"https:\/\/mmassemblyline.de\/kontakt\/#breadcrumb"},"inLanguage":"en-US","potentialAction":[{"@type":"ReadAction","target":["https:\/\/mmassemblyline.de\/kontakt\/"]}]},{"@type":"BreadcrumbList","@id":"https:\/\/mmassemblyline.de\/kontakt\/#breadcrumb","itemListElement":[{"@type":"ListItem","position":1,"name":"Home","item":"https:\/\/mmassemblyline.de\/"},{"@type":"ListItem","position":2,"name":"Kontakt"}]},{"@type":"WebSite","@id":"https:\/\/mmassemblyline.de\/#website","url":"https:\/\/mmassemblyline.de\/","name":"Lamellend\u00e4cher & Terrassen\u00fcberdachungen | MMAssemblyLine.de","description":"","publisher":{"@id":"https:\/\/mmassemblyline.de\/#organization"},"potentialAction":[{"@type":"SearchAction","target":{"@type":"EntryPoint","urlTemplate":"https:\/\/mmassemblyline.de\/?s={search_term_string}"},"query-input":{"@type":"PropertyValueSpecification","valueRequired":true,"valueName":"search_term_string"}}],"inLanguage":"en-US"},{"@type":"Organization","@id":"https:\/\/mmassemblyline.de\/#organization","name":"MMAssemblyLine","url":"https:\/\/mmassemblyline.de\/","logo":{"@type":"ImageObject","inLanguage":"en-US","@id":"https:\/\/mmassemblyline.de\/#\/schema\/logo\/image\/","url":"https:\/\/mmassemblyline.de\/wp-content\/uploads\/2024\/11\/mmaluminiumsystems-logo-new-72-1.jpg","contentUrl":"https:\/\/mmassemblyline.de\/wp-content\/uploads\/2024\/11\/mmaluminiumsystems-logo-new-72-1.jpg","width":500,"height":72,"caption":"MMAssemblyLine"},"image":{"@id":"https:\/\/mmassemblyline.de\/#\/schema\/logo\/image\/"},"sameAs":["https:\/\/www.facebook.com\/mmaluminiumsystems\/","https:\/\/instagram.com\/mmaluminiumsystems"]}]}},"_links":{"self":[{"href":"https:\/\/mmassemblyline.de\/en\/wp-json\/wp\/v2\/pages\/40","targetHints":{"allow":["GET"]}}],"collection":[{"href":"https:\/\/mmassemblyline.de\/en\/wp-json\/wp\/v2\/pages"}],"about":[{"href":"https:\/\/mmassemblyline.de\/en\/wp-json\/wp\/v2\/types\/page"}],"author":[{"embeddable":true,"href":"https:\/\/mmassemblyline.de\/en\/wp-json\/wp\/v2\/users\/1"}],"replies":[{"embeddable":true,"href":"https:\/\/mmassemblyline.de\/en\/wp-json\/wp\/v2\/comments?post=40"}],"version-history":[{"count":22,"href":"https:\/\/mmassemblyline.de\/en\/wp-json\/wp\/v2\/pages\/40\/revisions"}],"predecessor-version":[{"id":3009,"href":"https:\/\/mmassemblyline.de\/en\/wp-json\/wp\/v2\/pages\/40\/revisions\/3009"}],"wp:attachment":[{"href":"https:\/\/mmassemblyline.de\/en\/wp-json\/wp\/v2\/media?parent=40"}],"curies":[{"name":"wp","href":"https:\/\/api.w.org\/{rel}","templated":true}]}}